{"id":2389,"date":"2024-09-26T21:11:31","date_gmt":"2024-09-26T21:11:31","guid":{"rendered":"https:\/\/marcelavalle.com\/?page_id=2389"},"modified":"2024-10-02T14:45:01","modified_gmt":"2024-10-02T14:45:01","slug":"moments","status":"publish","type":"page","link":"https:\/\/marcelavalle.com\/?page_id=2389","title":{"rendered":"Moments"},"content":{"rendered":"\t\t<div data-elementor-type=\"wp-page\" data-elementor-id=\"2389\" class=\"elementor elementor-2389\" data-elementor-post-type=\"page\">\n\t\t\t\t\t\t<section class=\"elementor-section elementor-top-section elementor-element elementor-element-50d6b59 elementor-section-boxed elementor-section-height-default elementor-section-height-default\" data-id=\"50d6b59\" data-element_type=\"section\" data-e-type=\"section\">\n\t\t\t\t\t\t<div class=\"elementor-container elementor-column-gap-default\">\n\t\t\t\t\t<div class=\"elementor-column elementor-col-100 elementor-top-column elementor-element elementor-element-40ce4e1\" data-id=\"40ce4e1\" data-element_type=\"column\" data-e-type=\"column\">\n\t\t\t<div class=\"elementor-widget-wrap elementor-element-populated\">\n\t\t\t\t\t\t<div class=\"elementor-element elementor-element-8f885df elementor-widget elementor-widget-heading\" data-id=\"8f885df\" data-element_type=\"widget\" data-e-type=\"widget\" data-widget_type=\"heading.default\">\n\t\t\t\t<div class=\"elementor-widget-container\">\n\t\t\t\t\t<h2 class=\"elementor-heading-title elementor-size-default\">Moments<\/h2>\t\t\t\t<\/div>\n\t\t\t\t<\/div>\n\t\t\t\t<div class=\"elementor-element elementor-element-5638e24 elementor-grid-1 elementor-posts--thumbnail-left elementor-grid-tablet-2 elementor-grid-mobile-1 elementor-widget elementor-widget-posts\" data-id=\"5638e24\" data-element_type=\"widget\" data-e-type=\"widget\" data-settings=\"{&quot;classic_columns&quot;:&quot;1&quot;,&quot;classic_row_gap&quot;:{&quot;unit&quot;:&quot;px&quot;,&quot;size&quot;:0,&quot;sizes&quot;:[]},&quot;classic_columns_tablet&quot;:&quot;2&quot;,&quot;classic_columns_mobile&quot;:&quot;1&quot;,&quot;classic_row_gap_tablet&quot;:{&quot;unit&quot;:&quot;px&quot;,&quot;size&quot;:&quot;&quot;,&quot;sizes&quot;:[]},&quot;classic_row_gap_mobile&quot;:{&quot;unit&quot;:&quot;px&quot;,&quot;size&quot;:&quot;&quot;,&quot;sizes&quot;:[]}}\" data-widget_type=\"posts.classic\">\n\t\t\t\t<div class=\"elementor-widget-container\">\n\t\t\t\t\t\t\t<div class=\"elementor-posts-container elementor-posts elementor-posts--skin-classic elementor-grid\">\n\t\t\t\t<article class=\"elementor-post elementor-grid-item post-2457 post type-post status-publish format-standard has-post-thumbnail hentry category-spotify-en-espanol\">\n\t\t\t\t<a class=\"elementor-post__thumbnail__link\" href=\"https:\/\/marcelavalle.com\/?p=2457&amp;lang=es\" tabindex=\"-1\" >\n\t\t\t<div class=\"elementor-post__thumbnail\"><img fetchpriority=\"high\" decoding=\"async\" width=\"1280\" height=\"550\" src=\"https:\/\/marcelavalle.com\/wp-content\/uploads\/2024\/10\/240829-spoty-me-voy-pal-pueblo.png\" class=\"attachment-full size-full wp-image-2452\" alt=\"\" srcset=\"https:\/\/marcelavalle.com\/wp-content\/uploads\/2024\/10\/240829-spoty-me-voy-pal-pueblo.png 1280w, https:\/\/marcelavalle.com\/wp-content\/uploads\/2024\/10\/240829-spoty-me-voy-pal-pueblo-300x129.png 300w, https:\/\/marcelavalle.com\/wp-content\/uploads\/2024\/10\/240829-spoty-me-voy-pal-pueblo-1024x440.png 1024w, https:\/\/marcelavalle.com\/wp-content\/uploads\/2024\/10\/240829-spoty-me-voy-pal-pueblo-768x330.png 768w, https:\/\/marcelavalle.com\/wp-content\/uploads\/2024\/10\/240829-spoty-me-voy-pal-pueblo-600x258.png 600w\" sizes=\"(max-width: 1280px) 100vw, 1280px\" \/><\/div>\n\t\t<\/a>\n\t\t\t\t<div class=\"elementor-post__text\">\n\t\t\t\t<h3 class=\"elementor-post__title\">\n\t\t\t<a href=\"https:\/\/marcelavalle.com\/?p=2457&amp;lang=es\" >\n\t\t\t\tAmarraditos\t\t\t<\/a>\n\t\t<\/h3>\n\t\t\t\t<div class=\"elementor-post__excerpt\">\n\t\t\t<p>Este es uno de los \u00e9xitos m\u00e1s solicitados por la comunidad peruana en Estados Unidos y me emociona interpretarlo como ese recuerdo imborrable de los<\/p>\n\t\t<\/div>\n\t\t\n\t\t<a class=\"elementor-post__read-more\" href=\"https:\/\/marcelavalle.com\/?p=2457&#038;lang=es\" aria-label=\"Read more about Amarraditos\" tabindex=\"-1\" >\n\t\t\tRead More \u00bb\t\t<\/a>\n\n\t\t\t\t<\/div>\n\t\t\t\t<\/article>\n\t\t\t\t<article class=\"elementor-post elementor-grid-item post-2434 post type-post status-publish format-standard has-post-thumbnail hentry category-spotify-en-espanol\">\n\t\t\t\t<a class=\"elementor-post__thumbnail__link\" href=\"https:\/\/marcelavalle.com\/?p=2434&amp;lang=es\" tabindex=\"-1\" >\n\t\t\t<div class=\"elementor-post__thumbnail\"><img decoding=\"async\" width=\"1280\" height=\"566\" src=\"https:\/\/marcelavalle.com\/wp-content\/uploads\/2024\/10\/240826-spoty-me-voy-pal-pueblo.png\" class=\"attachment-full size-full wp-image-2426\" alt=\"\" srcset=\"https:\/\/marcelavalle.com\/wp-content\/uploads\/2024\/10\/240826-spoty-me-voy-pal-pueblo.png 1280w, https:\/\/marcelavalle.com\/wp-content\/uploads\/2024\/10\/240826-spoty-me-voy-pal-pueblo-300x133.png 300w, https:\/\/marcelavalle.com\/wp-content\/uploads\/2024\/10\/240826-spoty-me-voy-pal-pueblo-1024x453.png 1024w, https:\/\/marcelavalle.com\/wp-content\/uploads\/2024\/10\/240826-spoty-me-voy-pal-pueblo-768x340.png 768w, https:\/\/marcelavalle.com\/wp-content\/uploads\/2024\/10\/240826-spoty-me-voy-pal-pueblo-600x265.png 600w\" sizes=\"(max-width: 1280px) 100vw, 1280px\" \/><\/div>\n\t\t<\/a>\n\t\t\t\t<div class=\"elementor-post__text\">\n\t\t\t\t<h3 class=\"elementor-post__title\">\n\t\t\t<a href=\"https:\/\/marcelavalle.com\/?p=2434&amp;lang=es\" >\n\t\t\t\tLa pollera color\u00e1\t\t\t<\/a>\n\t\t<\/h3>\n\t\t\t\t<div class=\"elementor-post__excerpt\">\n\t\t\t<p>Cada d\u00eda estoy m\u00e1s contento con la excelente acogida del p\u00fablico en Estados Unidos. Me siento orgulloso de ser un embajador m\u00e1s de la m\u00fasica<\/p>\n\t\t<\/div>\n\t\t\n\t\t<a class=\"elementor-post__read-more\" href=\"https:\/\/marcelavalle.com\/?p=2434&#038;lang=es\" aria-label=\"Read more about La pollera color\u00e1\" tabindex=\"-1\" >\n\t\t\tRead More \u00bb\t\t<\/a>\n\n\t\t\t\t<\/div>\n\t\t\t\t<\/article>\n\t\t\t\t<article class=\"elementor-post elementor-grid-item post-2425 post type-post status-publish format-standard has-post-thumbnail hentry category-spotify\">\n\t\t\t\t<a class=\"elementor-post__thumbnail__link\" href=\"https:\/\/marcelavalle.com\/?p=2425\" tabindex=\"-1\" >\n\t\t\t<div class=\"elementor-post__thumbnail\"><img decoding=\"async\" width=\"1280\" height=\"566\" src=\"https:\/\/marcelavalle.com\/wp-content\/uploads\/2024\/10\/240826-spoty-me-voy-pal-pueblo.png\" class=\"attachment-full size-full wp-image-2426\" alt=\"\" srcset=\"https:\/\/marcelavalle.com\/wp-content\/uploads\/2024\/10\/240826-spoty-me-voy-pal-pueblo.png 1280w, https:\/\/marcelavalle.com\/wp-content\/uploads\/2024\/10\/240826-spoty-me-voy-pal-pueblo-300x133.png 300w, https:\/\/marcelavalle.com\/wp-content\/uploads\/2024\/10\/240826-spoty-me-voy-pal-pueblo-1024x453.png 1024w, https:\/\/marcelavalle.com\/wp-content\/uploads\/2024\/10\/240826-spoty-me-voy-pal-pueblo-768x340.png 768w, https:\/\/marcelavalle.com\/wp-content\/uploads\/2024\/10\/240826-spoty-me-voy-pal-pueblo-600x265.png 600w\" sizes=\"(max-width: 1280px) 100vw, 1280px\" \/><\/div>\n\t\t<\/a>\n\t\t\t\t<div class=\"elementor-post__text\">\n\t\t\t\t<h3 class=\"elementor-post__title\">\n\t\t\t<a href=\"https:\/\/marcelavalle.com\/?p=2425\" >\n\t\t\t\tLa pollera color\u00e1\t\t\t<\/a>\n\t\t<\/h3>\n\t\t\t\t<div class=\"elementor-post__excerpt\">\n\t\t\t<p>Every day I am more and more pleased with the excellent reception from the public in the United States. I am proud to be another<\/p>\n\t\t<\/div>\n\t\t\n\t\t<a class=\"elementor-post__read-more\" href=\"https:\/\/marcelavalle.com\/?p=2425\" aria-label=\"Read more about La pollera color\u00e1\" tabindex=\"-1\" >\n\t\t\tRead More \u00bb\t\t<\/a>\n\n\t\t\t\t<\/div>\n\t\t\t\t<\/article>\n\t\t\t\t<article class=\"elementor-post elementor-grid-item post-2451 post type-post status-publish format-standard has-post-thumbnail hentry category-spotify\">\n\t\t\t\t<a class=\"elementor-post__thumbnail__link\" href=\"https:\/\/marcelavalle.com\/?p=2451\" tabindex=\"-1\" >\n\t\t\t<div class=\"elementor-post__thumbnail\"><img fetchpriority=\"high\" decoding=\"async\" width=\"1280\" height=\"550\" src=\"https:\/\/marcelavalle.com\/wp-content\/uploads\/2024\/10\/240829-spoty-me-voy-pal-pueblo.png\" class=\"attachment-full size-full wp-image-2452\" alt=\"\" srcset=\"https:\/\/marcelavalle.com\/wp-content\/uploads\/2024\/10\/240829-spoty-me-voy-pal-pueblo.png 1280w, https:\/\/marcelavalle.com\/wp-content\/uploads\/2024\/10\/240829-spoty-me-voy-pal-pueblo-300x129.png 300w, https:\/\/marcelavalle.com\/wp-content\/uploads\/2024\/10\/240829-spoty-me-voy-pal-pueblo-1024x440.png 1024w, https:\/\/marcelavalle.com\/wp-content\/uploads\/2024\/10\/240829-spoty-me-voy-pal-pueblo-768x330.png 768w, https:\/\/marcelavalle.com\/wp-content\/uploads\/2024\/10\/240829-spoty-me-voy-pal-pueblo-600x258.png 600w\" sizes=\"(max-width: 1280px) 100vw, 1280px\" \/><\/div>\n\t\t<\/a>\n\t\t\t\t<div class=\"elementor-post__text\">\n\t\t\t\t<h3 class=\"elementor-post__title\">\n\t\t\t<a href=\"https:\/\/marcelavalle.com\/?p=2451\" >\n\t\t\t\tAmarraditos\t\t\t<\/a>\n\t\t<\/h3>\n\t\t\t\t<div class=\"elementor-post__excerpt\">\n\t\t\t<p>This is one of the most requested hits by the Peruvian community in the United States and I am excited to interpret it as that<\/p>\n\t\t<\/div>\n\t\t\n\t\t<a class=\"elementor-post__read-more\" href=\"https:\/\/marcelavalle.com\/?p=2451\" aria-label=\"Read more about Amarraditos\" tabindex=\"-1\" >\n\t\t\tRead More \u00bb\t\t<\/a>\n\n\t\t\t\t<\/div>\n\t\t\t\t<\/article>\n\t\t\t\t<article class=\"elementor-post elementor-grid-item post-2413 post type-post status-publish format-standard has-post-thumbnail hentry category-spotify-en-espanol\">\n\t\t\t\t<a class=\"elementor-post__thumbnail__link\" href=\"https:\/\/marcelavalle.com\/?p=2413&amp;lang=es\" tabindex=\"-1\" >\n\t\t\t<div class=\"elementor-post__thumbnail\"><img decoding=\"async\" width=\"1280\" height=\"487\" src=\"https:\/\/marcelavalle.com\/wp-content\/uploads\/2024\/09\/240826-spoty-me-voy-pal-pueblo.png\" class=\"attachment-full size-full wp-image-2411\" alt=\"\" srcset=\"https:\/\/marcelavalle.com\/wp-content\/uploads\/2024\/09\/240826-spoty-me-voy-pal-pueblo.png 1280w, https:\/\/marcelavalle.com\/wp-content\/uploads\/2024\/09\/240826-spoty-me-voy-pal-pueblo-300x114.png 300w, https:\/\/marcelavalle.com\/wp-content\/uploads\/2024\/09\/240826-spoty-me-voy-pal-pueblo-1024x390.png 1024w, https:\/\/marcelavalle.com\/wp-content\/uploads\/2024\/09\/240826-spoty-me-voy-pal-pueblo-768x292.png 768w, https:\/\/marcelavalle.com\/wp-content\/uploads\/2024\/09\/240826-spoty-me-voy-pal-pueblo-600x228.png 600w\" sizes=\"(max-width: 1280px) 100vw, 1280px\" \/><\/div>\n\t\t<\/a>\n\t\t\t\t<div class=\"elementor-post__text\">\n\t\t\t\t<h3 class=\"elementor-post__title\">\n\t\t\t<a href=\"https:\/\/marcelavalle.com\/?p=2413&amp;lang=es\" >\n\t\t\t\tMe voy pa&#8217;l pueblo en Spotify\t\t\t<\/a>\n\t\t<\/h3>\n\t\t\t\t<div class=\"elementor-post__excerpt\">\n\t\t\t<p>Un placer recibir nuevos visitantes que disfrutan nuestra versi\u00f3n. Les amo y espero disfruten sus momentos de amor a nuestra m\u00fasica Latinoamericana.<\/p>\n\t\t<\/div>\n\t\t\n\t\t<a class=\"elementor-post__read-more\" href=\"https:\/\/marcelavalle.com\/?p=2413&#038;lang=es\" aria-label=\"Read more about Me voy pa&#8217;l pueblo en Spotify\" tabindex=\"-1\" >\n\t\t\tRead More \u00bb\t\t<\/a>\n\n\t\t\t\t<\/div>\n\t\t\t\t<\/article>\n\t\t\t\t<article class=\"elementor-post elementor-grid-item post-2410 post type-post status-publish format-standard has-post-thumbnail hentry category-spotify\">\n\t\t\t\t<a class=\"elementor-post__thumbnail__link\" href=\"https:\/\/marcelavalle.com\/?p=2410\" tabindex=\"-1\" >\n\t\t\t<div class=\"elementor-post__thumbnail\"><img decoding=\"async\" width=\"1280\" height=\"487\" src=\"https:\/\/marcelavalle.com\/wp-content\/uploads\/2024\/09\/240826-spoty-me-voy-pal-pueblo.png\" class=\"attachment-full size-full wp-image-2411\" alt=\"\" srcset=\"https:\/\/marcelavalle.com\/wp-content\/uploads\/2024\/09\/240826-spoty-me-voy-pal-pueblo.png 1280w, https:\/\/marcelavalle.com\/wp-content\/uploads\/2024\/09\/240826-spoty-me-voy-pal-pueblo-300x114.png 300w, https:\/\/marcelavalle.com\/wp-content\/uploads\/2024\/09\/240826-spoty-me-voy-pal-pueblo-1024x390.png 1024w, https:\/\/marcelavalle.com\/wp-content\/uploads\/2024\/09\/240826-spoty-me-voy-pal-pueblo-768x292.png 768w, https:\/\/marcelavalle.com\/wp-content\/uploads\/2024\/09\/240826-spoty-me-voy-pal-pueblo-600x228.png 600w\" sizes=\"(max-width: 1280px) 100vw, 1280px\" \/><\/div>\n\t\t<\/a>\n\t\t\t\t<div class=\"elementor-post__text\">\n\t\t\t\t<h3 class=\"elementor-post__title\">\n\t\t\t<a href=\"https:\/\/marcelavalle.com\/?p=2410\" >\n\t\t\t\tMe voy pa&#8217;l pueblo on Spotify\t\t\t<\/a>\n\t\t<\/h3>\n\t\t\t\t<div class=\"elementor-post__excerpt\">\n\t\t\t<p>A pleasure to receive new visitors who enjoy our version. I love you and hope you enjoy your moments of love to our Latin American<\/p>\n\t\t<\/div>\n\t\t\n\t\t<a class=\"elementor-post__read-more\" href=\"https:\/\/marcelavalle.com\/?p=2410\" aria-label=\"Read more about Me voy pa&#8217;l pueblo on Spotify\" tabindex=\"-1\" >\n\t\t\tRead More \u00bb\t\t<\/a>\n\n\t\t\t\t<\/div>\n\t\t\t\t<\/article>\n\t\t\t\t<\/div>\n\t\t\n\t\t\t\t\t\t<\/div>\n\t\t\t\t<\/div>\n\t\t\t\t\t<\/div>\n\t\t<\/div>\n\t\t\t\t\t<\/div>\n\t\t<\/section>\n\t\t\t\t<\/div>\n\t\t","protected":false},"excerpt":{"rendered":"<p>Moments<\/p>\n","protected":false},"author":1,"featured_media":0,"parent":0,"menu_order":0,"comment_status":"closed","ping_status":"closed","template":"","meta":{"site-sidebar-layout":"no-sidebar","site-content-layout":"page-builder","ast-site-content-layout":"full-width-container","site-content-style":"default","site-sidebar-style":"default","ast-global-header-display":"","ast-banner-title-visibility":"","ast-main-header-display":"","ast-hfb-above-header-display":"","ast-hfb-below-header-display":"","ast-hfb-mobile-header-display":"","site-post-title":"disabled","ast-breadcrumbs-content":"","ast-featured-img":"disabled","footer-sml-layout":"","ast-disable-related-posts":"","theme-transparent-header-meta":"","adv-header-id-meta":"","stick-header-meta":"","header-above-stick-meta":"","header-main-stick-meta":"","header-below-stick-meta":"","astra-migrate-meta-layouts":"set","ast-page-background-enabled":"default","ast-page-background-meta":{"desktop":{"background-color":"","background-image":"","background-repeat":"repeat","background-position":"center center","background-size":"auto","background-attachment":"scroll","background-type":"","background-media":"","overlay-type":"","overlay-color":"","overlay-opacity":"","overlay-gradient":""},"tablet":{"background-color":"","background-image":"","background-repeat":"repeat","background-position":"center center","background-size":"auto","background-attachment":"scroll","background-type":"","background-media":"","overlay-type":"","overlay-color":"","overlay-opacity":"","overlay-gradient":""},"mobile":{"background-color":"","background-image":"","background-repeat":"repeat","background-position":"center center","background-size":"auto","background-attachment":"scroll","background-type":"","background-media":"","overlay-type":"","overlay-color":"","overlay-opacity":"","overlay-gradient":""}},"ast-content-background-meta":{"desktop":{"background-color":"var(--ast-global-color-5)","background-image":"","background-repeat":"repeat","background-position":"center center","background-size":"auto","background-attachment":"scroll","background-type":"","background-media":"","overlay-type":"","overlay-color":"","overlay-opacity":"","overlay-gradient":""},"tablet":{"background-color":"var(--ast-global-color-5)","background-image":"","background-repeat":"repeat","background-position":"center center","background-size":"auto","background-attachment":"scroll","background-type":"","background-media":"","overlay-type":"","overlay-color":"","overlay-opacity":"","overlay-gradient":""},"mobile":{"background-color":"var(--ast-global-color-5)","background-image":"","background-repeat":"repeat","background-position":"center center","background-size":"auto","background-attachment":"scroll","background-type":"","background-media":"","overlay-type":"","overlay-color":"","overlay-opacity":"","overlay-gradient":""}},"footnotes":""},"class_list":["post-2389","page","type-page","status-publish","hentry"],"yoast_head":"<!-- This site is optimized with the Yoast SEO plugin v27.4 - https:\/\/yoast.com\/product\/yoast-seo-wordpress\/ -->\n<title>Moments - Marcela Valle Entertainment<\/title>\n<meta name=\"robots\" content=\"index, follow, max-snippet:-1, max-image-preview:large, max-video-preview:-1\" \/>\n<link rel=\"canonical\" href=\"https:\/\/marcelavalle.com\/?page_id=2389\" \/>\n<meta property=\"og:locale\" content=\"es_ES\" \/>\n<meta property=\"og:type\" content=\"article\" \/>\n<meta property=\"og:title\" content=\"Moments - Marcela Valle Entertainment\" \/>\n<meta property=\"og:description\" content=\"Moments\" \/>\n<meta property=\"og:url\" content=\"https:\/\/marcelavalle.com\/?page_id=2389\" \/>\n<meta property=\"og:site_name\" content=\"Marcela Valle Entertainment\" \/>\n<meta property=\"article:modified_time\" content=\"2024-10-02T14:45:01+00:00\" \/>\n<meta name=\"twitter:card\" content=\"summary_large_image\" \/>\n<meta name=\"twitter:label1\" content=\"Tiempo de lectura\" \/>\n\t<meta name=\"twitter:data1\" content=\"2 minutos\" \/>\n<script type=\"application\/ld+json\" class=\"yoast-schema-graph\">{\"@context\":\"https:\\\/\\\/schema.org\",\"@graph\":[{\"@type\":\"WebPage\",\"@id\":\"https:\\\/\\\/marcelavalle.com\\\/?page_id=2389\",\"url\":\"https:\\\/\\\/marcelavalle.com\\\/?page_id=2389\",\"name\":\"Moments - Marcela Valle Entertainment\",\"isPartOf\":{\"@id\":\"https:\\\/\\\/marcelavalle.com\\\/#website\"},\"datePublished\":\"2024-09-26T21:11:31+00:00\",\"dateModified\":\"2024-10-02T14:45:01+00:00\",\"breadcrumb\":{\"@id\":\"https:\\\/\\\/marcelavalle.com\\\/?page_id=2389#breadcrumb\"},\"inLanguage\":\"es\",\"potentialAction\":[{\"@type\":\"ReadAction\",\"target\":[\"https:\\\/\\\/marcelavalle.com\\\/?page_id=2389\"]}]},{\"@type\":\"BreadcrumbList\",\"@id\":\"https:\\\/\\\/marcelavalle.com\\\/?page_id=2389#breadcrumb\",\"itemListElement\":[{\"@type\":\"ListItem\",\"position\":1,\"name\":\"Portada\",\"item\":\"https:\\\/\\\/marcelavalle.com\\\/\"},{\"@type\":\"ListItem\",\"position\":2,\"name\":\"Moments\"}]},{\"@type\":\"WebSite\",\"@id\":\"https:\\\/\\\/marcelavalle.com\\\/#website\",\"url\":\"https:\\\/\\\/marcelavalle.com\\\/\",\"name\":\"Marcela Valle Entertainment\",\"description\":\"Banquetes y M&uacute;sica en vivo\",\"potentialAction\":[{\"@type\":\"SearchAction\",\"target\":{\"@type\":\"EntryPoint\",\"urlTemplate\":\"https:\\\/\\\/marcelavalle.com\\\/?s={search_term_string}\"},\"query-input\":{\"@type\":\"PropertyValueSpecification\",\"valueRequired\":true,\"valueName\":\"search_term_string\"}}],\"inLanguage\":\"es\"}]}<\/script>\n<!-- \/ Yoast SEO plugin. -->","yoast_head_json":{"title":"Moments - Marcela Valle Entertainment","robots":{"index":"index","follow":"follow","max-snippet":"max-snippet:-1","max-image-preview":"max-image-preview:large","max-video-preview":"max-video-preview:-1"},"canonical":"https:\/\/marcelavalle.com\/?page_id=2389","og_locale":"es_ES","og_type":"article","og_title":"Moments - Marcela Valle Entertainment","og_description":"Moments","og_url":"https:\/\/marcelavalle.com\/?page_id=2389","og_site_name":"Marcela Valle Entertainment","article_modified_time":"2024-10-02T14:45:01+00:00","twitter_card":"summary_large_image","twitter_misc":{"Tiempo de lectura":"2 minutos"},"schema":{"@context":"https:\/\/schema.org","@graph":[{"@type":"WebPage","@id":"https:\/\/marcelavalle.com\/?page_id=2389","url":"https:\/\/marcelavalle.com\/?page_id=2389","name":"Moments - Marcela Valle Entertainment","isPartOf":{"@id":"https:\/\/marcelavalle.com\/#website"},"datePublished":"2024-09-26T21:11:31+00:00","dateModified":"2024-10-02T14:45:01+00:00","breadcrumb":{"@id":"https:\/\/marcelavalle.com\/?page_id=2389#breadcrumb"},"inLanguage":"es","potentialAction":[{"@type":"ReadAction","target":["https:\/\/marcelavalle.com\/?page_id=2389"]}]},{"@type":"BreadcrumbList","@id":"https:\/\/marcelavalle.com\/?page_id=2389#breadcrumb","itemListElement":[{"@type":"ListItem","position":1,"name":"Portada","item":"https:\/\/marcelavalle.com\/"},{"@type":"ListItem","position":2,"name":"Moments"}]},{"@type":"WebSite","@id":"https:\/\/marcelavalle.com\/#website","url":"https:\/\/marcelavalle.com\/","name":"Marcela Valle Entertainment","description":"Banquetes y M&uacute;sica en vivo","potentialAction":[{"@type":"SearchAction","target":{"@type":"EntryPoint","urlTemplate":"https:\/\/marcelavalle.com\/?s={search_term_string}"},"query-input":{"@type":"PropertyValueSpecification","valueRequired":true,"valueName":"search_term_string"}}],"inLanguage":"es"}]}},"_links":{"self":[{"href":"https:\/\/marcelavalle.com\/index.php?rest_route=\/wp\/v2\/pages\/2389","targetHints":{"allow":["GET"]}}],"collection":[{"href":"https:\/\/marcelavalle.com\/index.php?rest_route=\/wp\/v2\/pages"}],"about":[{"href":"https:\/\/marcelavalle.com\/index.php?rest_route=\/wp\/v2\/types\/page"}],"author":[{"embeddable":true,"href":"https:\/\/marcelavalle.com\/index.php?rest_route=\/wp\/v2\/users\/1"}],"replies":[{"embeddable":true,"href":"https:\/\/marcelavalle.com\/index.php?rest_route=%2Fwp%2Fv2%2Fcomments&post=2389"}],"version-history":[{"count":25,"href":"https:\/\/marcelavalle.com\/index.php?rest_route=\/wp\/v2\/pages\/2389\/revisions"}],"predecessor-version":[{"id":2456,"href":"https:\/\/marcelavalle.com\/index.php?rest_route=\/wp\/v2\/pages\/2389\/revisions\/2456"}],"wp:attachment":[{"href":"https:\/\/marcelavalle.com\/index.php?rest_route=%2Fwp%2Fv2%2Fmedia&parent=2389"}],"curies":[{"name":"wp","href":"https:\/\/api.w.org\/{rel}","templated":true}]}}