{"id":1246,"date":"2023-02-25T16:25:33","date_gmt":"2023-02-25T16:25:33","guid":{"rendered":"http:\/\/marcelavalle.com\/?post_type=product&#038;p=1246"},"modified":"2023-05-08T17:21:24","modified_gmt":"2023-05-08T17:21:24","slug":"muy-antioqueno","status":"publish","type":"product","link":"https:\/\/marcelavalle.com\/?product=muy-antioqueno","title":{"rendered":"Muy Antioque\u00f1o"},"content":{"rendered":"<p>Muy Antioque\u00f1o is a Colombian bambuco born in the heart of Antioquia with the inspiration of maestro H\u00e9ctor Ochoa, author of other great romantic and folkloric works. For Marcela Valle this is another opportunity to pay tribute to her country and to a folkloric expression that she carries in her veins, the bambuco. Her lilting and sensitive voice gives Muy Antioque\u00f1o a very particular characteristic of soft and expressive accent.<\/p>\n","protected":false},"excerpt":{"rendered":"<p>Just as in Soy Colombiano we say \u00abI feel so proud to be a good Colombian\u00bb, today I feel privileged to deliver with my voice this song to the Antioquian race of my beloved country so that we can sing together: Very Antioquian!<\/p>\n[audio mp3=\"https:\/\/marcelavalle.com\/wp-content\/uploads\/2023\/02\/Muy-antioqueno-muestra.mp3\"][\/audio]\n<p>&nbsp;<\/p>\n","protected":false},"featured_media":759,"comment_status":"open","ping_status":"closed","template":"","meta":{"site-sidebar-layout":"default","site-content-layout":"default","ast-site-content-layout":"default","site-content-style":"default","site-sidebar-style":"default","ast-global-header-display":"","ast-banner-title-visibility":"","ast-main-header-display":"","ast-hfb-above-header-display":"","ast-hfb-below-header-display":"","ast-hfb-mobile-header-display":"","site-post-title":"","ast-breadcrumbs-content":"","ast-featured-img":"","footer-sml-layout":"","ast-disable-related-posts":"","theme-transparent-header-meta":"default","adv-header-id-meta":"","stick-header-meta":"","header-above-stick-meta":"","header-main-stick-meta":"","header-below-stick-meta":"","astra-migrate-meta-layouts":"default","ast-page-background-enabled":"default","ast-page-background-meta":{"desktop":{"background-color":"","background-image":"","background-repeat":"repeat","background-position":"center center","background-size":"auto","background-attachment":"scroll","background-type":"","background-media":"","overlay-type":"","overlay-color":"","overlay-opacity":"","overlay-gradient":""},"tablet":{"background-color":"","background-image":"","background-repeat":"repeat","background-position":"center center","background-size":"auto","background-attachment":"scroll","background-type":"","background-media":"","overlay-type":"","overlay-color":"","overlay-opacity":"","overlay-gradient":""},"mobile":{"background-color":"","background-image":"","background-repeat":"repeat","background-position":"center center","background-size":"auto","background-attachment":"scroll","background-type":"","background-media":"","overlay-type":"","overlay-color":"","overlay-opacity":"","overlay-gradient":""}},"ast-content-background-meta":{"desktop":{"background-color":"var(--ast-global-color-5)","background-image":"","background-repeat":"repeat","background-position":"center center","background-size":"auto","background-attachment":"scroll","background-type":"","background-media":"","overlay-type":"","overlay-color":"","overlay-opacity":"","overlay-gradient":""},"tablet":{"background-color":"var(--ast-global-color-5)","background-image":"","background-repeat":"repeat","background-position":"center center","background-size":"auto","background-attachment":"scroll","background-type":"","background-media":"","overlay-type":"","overlay-color":"","overlay-opacity":"","overlay-gradient":""},"mobile":{"background-color":"var(--ast-global-color-5)","background-image":"","background-repeat":"repeat","background-position":"center center","background-size":"auto","background-attachment":"scroll","background-type":"","background-media":"","overlay-type":"","overlay-color":"","overlay-opacity":"","overlay-gradient":""}}},"product_brand":[],"product_cat":[33],"product_tag":[],"class_list":{"0":"post-1246","1":"product","2":"type-product","3":"status-publish","4":"has-post-thumbnail","6":"product_cat-folclor","7":"desktop-align-left","8":"tablet-align-left","9":"mobile-align-left","11":"first","12":"instock","13":"shipping-taxable","14":"product-type-simple"},"yoast_head":"<!-- This site is optimized with the Yoast SEO plugin v27.4 - https:\/\/yoast.com\/product\/yoast-seo-wordpress\/ -->\n<title>Muy Antioque\u00f1o - Marcela Valle Entertainment<\/title>\n<meta name=\"description\" content=\"With the most beautiful and romantic feeling in the voice of Marcela Valle, this version of Muy Antioque\u00f1o is a tribute to the Colombian Antioquian race.\" \/>\n<meta name=\"robots\" content=\"index, follow, max-snippet:-1, max-image-preview:large, max-video-preview:-1\" \/>\n<link rel=\"canonical\" href=\"https:\/\/marcelavalle.com\/?product=muy-antioqueno\" \/>\n<meta property=\"og:locale\" content=\"es_ES\" \/>\n<meta property=\"og:type\" content=\"article\" \/>\n<meta property=\"og:title\" content=\"Muy Antioque\u00f1o - Marcela Valle Entertainment\" \/>\n<meta property=\"og:description\" content=\"With the most beautiful and romantic feeling in the voice of Marcela Valle, this version of Muy Antioque\u00f1o is a tribute to the Colombian Antioquian race.\" \/>\n<meta property=\"og:url\" content=\"https:\/\/marcelavalle.com\/?product=muy-antioqueno\" \/>\n<meta property=\"og:site_name\" content=\"Marcela Valle Entertainment\" \/>\n<meta property=\"article:modified_time\" content=\"2023-05-08T17:21:24+00:00\" \/>\n<meta property=\"og:image\" content=\"https:\/\/marcelavalle.com\/wp-content\/uploads\/2023\/02\/IMG_3127.jpg\" \/>\n\t<meta property=\"og:image:width\" content=\"1500\" \/>\n\t<meta property=\"og:image:height\" content=\"1000\" \/>\n\t<meta property=\"og:image:type\" content=\"image\/jpeg\" \/>\n<meta name=\"twitter:card\" content=\"summary_large_image\" \/>\n<meta name=\"twitter:label1\" content=\"Tiempo de lectura\" \/>\n\t<meta name=\"twitter:data1\" content=\"1 minuto\" \/>\n<script type=\"application\/ld+json\" class=\"yoast-schema-graph\">{\"@context\":\"https:\\\/\\\/schema.org\",\"@graph\":[{\"@type\":\"WebPage\",\"@id\":\"https:\\\/\\\/marcelavalle.com\\\/?product=muy-antioqueno\",\"url\":\"https:\\\/\\\/marcelavalle.com\\\/?product=muy-antioqueno\",\"name\":\"Muy Antioque\u00f1o - Marcela Valle Entertainment\",\"isPartOf\":{\"@id\":\"https:\\\/\\\/marcelavalle.com\\\/#website\"},\"primaryImageOfPage\":{\"@id\":\"https:\\\/\\\/marcelavalle.com\\\/?product=muy-antioqueno#primaryimage\"},\"image\":{\"@id\":\"https:\\\/\\\/marcelavalle.com\\\/?product=muy-antioqueno#primaryimage\"},\"thumbnailUrl\":\"https:\\\/\\\/marcelavalle.com\\\/wp-content\\\/uploads\\\/2023\\\/02\\\/IMG_3127.jpg\",\"datePublished\":\"2023-02-25T16:25:33+00:00\",\"dateModified\":\"2023-05-08T17:21:24+00:00\",\"description\":\"With the most beautiful and romantic feeling in the voice of Marcela Valle, this version of Muy Antioque\u00f1o is a tribute to the Colombian Antioquian race.\",\"breadcrumb\":{\"@id\":\"https:\\\/\\\/marcelavalle.com\\\/?product=muy-antioqueno#breadcrumb\"},\"inLanguage\":\"es\",\"potentialAction\":[{\"@type\":\"ReadAction\",\"target\":[\"https:\\\/\\\/marcelavalle.com\\\/?product=muy-antioqueno\"]}]},{\"@type\":\"ImageObject\",\"inLanguage\":\"es\",\"@id\":\"https:\\\/\\\/marcelavalle.com\\\/?product=muy-antioqueno#primaryimage\",\"url\":\"https:\\\/\\\/marcelavalle.com\\\/wp-content\\\/uploads\\\/2023\\\/02\\\/IMG_3127.jpg\",\"contentUrl\":\"https:\\\/\\\/marcelavalle.com\\\/wp-content\\\/uploads\\\/2023\\\/02\\\/IMG_3127.jpg\",\"width\":1500,\"height\":1000},{\"@type\":\"BreadcrumbList\",\"@id\":\"https:\\\/\\\/marcelavalle.com\\\/?product=muy-antioqueno#breadcrumb\",\"itemListElement\":[{\"@type\":\"ListItem\",\"position\":1,\"name\":\"Portada\",\"item\":\"https:\\\/\\\/marcelavalle.com\\\/\"},{\"@type\":\"ListItem\",\"position\":2,\"name\":\"Tienda\",\"item\":\"https:\\\/\\\/marcelavalle.com\\\/?page_id=1099\"},{\"@type\":\"ListItem\",\"position\":3,\"name\":\"Muy Antioque\u00f1o\"}]},{\"@type\":\"WebSite\",\"@id\":\"https:\\\/\\\/marcelavalle.com\\\/#website\",\"url\":\"https:\\\/\\\/marcelavalle.com\\\/\",\"name\":\"Marcela Valle Entertainment\",\"description\":\"Banquetes y M&uacute;sica en vivo\",\"potentialAction\":[{\"@type\":\"SearchAction\",\"target\":{\"@type\":\"EntryPoint\",\"urlTemplate\":\"https:\\\/\\\/marcelavalle.com\\\/?s={search_term_string}\"},\"query-input\":{\"@type\":\"PropertyValueSpecification\",\"valueRequired\":true,\"valueName\":\"search_term_string\"}}],\"inLanguage\":\"es\"}]}<\/script>\n<!-- \/ Yoast SEO plugin. -->","yoast_head_json":{"title":"Muy Antioque\u00f1o - Marcela Valle Entertainment","description":"With the most beautiful and romantic feeling in the voice of Marcela Valle, this version of Muy Antioque\u00f1o is a tribute to the Colombian Antioquian race.","robots":{"index":"index","follow":"follow","max-snippet":"max-snippet:-1","max-image-preview":"max-image-preview:large","max-video-preview":"max-video-preview:-1"},"canonical":"https:\/\/marcelavalle.com\/?product=muy-antioqueno","og_locale":"es_ES","og_type":"article","og_title":"Muy Antioque\u00f1o - Marcela Valle Entertainment","og_description":"With the most beautiful and romantic feeling in the voice of Marcela Valle, this version of Muy Antioque\u00f1o is a tribute to the Colombian Antioquian race.","og_url":"https:\/\/marcelavalle.com\/?product=muy-antioqueno","og_site_name":"Marcela Valle Entertainment","article_modified_time":"2023-05-08T17:21:24+00:00","og_image":[{"width":1500,"height":1000,"url":"https:\/\/marcelavalle.com\/wp-content\/uploads\/2023\/02\/IMG_3127.jpg","type":"image\/jpeg"}],"twitter_card":"summary_large_image","twitter_misc":{"Tiempo de lectura":"1 minuto"},"schema":{"@context":"https:\/\/schema.org","@graph":[{"@type":"WebPage","@id":"https:\/\/marcelavalle.com\/?product=muy-antioqueno","url":"https:\/\/marcelavalle.com\/?product=muy-antioqueno","name":"Muy Antioque\u00f1o - Marcela Valle Entertainment","isPartOf":{"@id":"https:\/\/marcelavalle.com\/#website"},"primaryImageOfPage":{"@id":"https:\/\/marcelavalle.com\/?product=muy-antioqueno#primaryimage"},"image":{"@id":"https:\/\/marcelavalle.com\/?product=muy-antioqueno#primaryimage"},"thumbnailUrl":"https:\/\/marcelavalle.com\/wp-content\/uploads\/2023\/02\/IMG_3127.jpg","datePublished":"2023-02-25T16:25:33+00:00","dateModified":"2023-05-08T17:21:24+00:00","description":"With the most beautiful and romantic feeling in the voice of Marcela Valle, this version of Muy Antioque\u00f1o is a tribute to the Colombian Antioquian race.","breadcrumb":{"@id":"https:\/\/marcelavalle.com\/?product=muy-antioqueno#breadcrumb"},"inLanguage":"es","potentialAction":[{"@type":"ReadAction","target":["https:\/\/marcelavalle.com\/?product=muy-antioqueno"]}]},{"@type":"ImageObject","inLanguage":"es","@id":"https:\/\/marcelavalle.com\/?product=muy-antioqueno#primaryimage","url":"https:\/\/marcelavalle.com\/wp-content\/uploads\/2023\/02\/IMG_3127.jpg","contentUrl":"https:\/\/marcelavalle.com\/wp-content\/uploads\/2023\/02\/IMG_3127.jpg","width":1500,"height":1000},{"@type":"BreadcrumbList","@id":"https:\/\/marcelavalle.com\/?product=muy-antioqueno#breadcrumb","itemListElement":[{"@type":"ListItem","position":1,"name":"Portada","item":"https:\/\/marcelavalle.com\/"},{"@type":"ListItem","position":2,"name":"Tienda","item":"https:\/\/marcelavalle.com\/?page_id=1099"},{"@type":"ListItem","position":3,"name":"Muy Antioque\u00f1o"}]},{"@type":"WebSite","@id":"https:\/\/marcelavalle.com\/#website","url":"https:\/\/marcelavalle.com\/","name":"Marcela Valle Entertainment","description":"Banquetes y M&uacute;sica en vivo","potentialAction":[{"@type":"SearchAction","target":{"@type":"EntryPoint","urlTemplate":"https:\/\/marcelavalle.com\/?s={search_term_string}"},"query-input":{"@type":"PropertyValueSpecification","valueRequired":true,"valueName":"search_term_string"}}],"inLanguage":"es"}]}},"_links":{"self":[{"href":"https:\/\/marcelavalle.com\/index.php?rest_route=\/wp\/v2\/product\/1246","targetHints":{"allow":["GET"]}}],"collection":[{"href":"https:\/\/marcelavalle.com\/index.php?rest_route=\/wp\/v2\/product"}],"about":[{"href":"https:\/\/marcelavalle.com\/index.php?rest_route=\/wp\/v2\/types\/product"}],"replies":[{"embeddable":true,"href":"https:\/\/marcelavalle.com\/index.php?rest_route=%2Fwp%2Fv2%2Fcomments&post=1246"}],"wp:featuredmedia":[{"embeddable":true,"href":"https:\/\/marcelavalle.com\/index.php?rest_route=\/wp\/v2\/media\/759"}],"wp:attachment":[{"href":"https:\/\/marcelavalle.com\/index.php?rest_route=%2Fwp%2Fv2%2Fmedia&parent=1246"}],"wp:term":[{"taxonomy":"product_brand","embeddable":true,"href":"https:\/\/marcelavalle.com\/index.php?rest_route=%2Fwp%2Fv2%2Fproduct_brand&post=1246"},{"taxonomy":"product_cat","embeddable":true,"href":"https:\/\/marcelavalle.com\/index.php?rest_route=%2Fwp%2Fv2%2Fproduct_cat&post=1246"},{"taxonomy":"product_tag","embeddable":true,"href":"https:\/\/marcelavalle.com\/index.php?rest_route=%2Fwp%2Fv2%2Fproduct_tag&post=1246"}],"curies":[{"name":"wp","href":"https:\/\/api.w.org\/{rel}","templated":true}]}}