{"id":1262,"date":"2023-02-25T19:06:47","date_gmt":"2023-02-25T19:06:47","guid":{"rendered":"http:\/\/marcelavalle.com\/?post_type=product&#038;p=1262"},"modified":"2023-05-08T18:15:27","modified_gmt":"2023-05-08T18:15:27","slug":"soy-colombiano","status":"publish","type":"product","link":"https:\/\/marcelavalle.com\/?product=soy-colombiano","title":{"rendered":"Soy colombiano"},"content":{"rendered":"<p>\u00abA m\u00ed deme un aguardiente de ca\u00f1a, de las ca\u00f1as de mis valles, y el aniz de mis monta\u00f1as\u00bb, thus begins this bambuco considered by many as the second national anthem of Colombia. When we are outside the borders of our homeland we feel as never before the value it has for our emotions and feelings of what our homeland and its symbols mean. Soy colombiano is my closing of this album, a sample of Latin American folklore.<\/p>\n","protected":false},"excerpt":{"rendered":"<p>Ayyyyy, how proud I feel to be a good Colombian! Here I give you our second national anthem of Colombia my dear Colombian family in the world. And to our Latin American brothers and sisters with my affection and respect. From my Colombia to you.<\/p>\n[audio mp3=\"https:\/\/marcelavalle.com\/wp-content\/uploads\/2023\/02\/Soy-Colombian-m.mp3\"][\/audio]\n","protected":false},"featured_media":1275,"comment_status":"open","ping_status":"closed","template":"","meta":{"site-sidebar-layout":"default","site-content-layout":"default","ast-site-content-layout":"default","site-content-style":"default","site-sidebar-style":"default","ast-global-header-display":"","ast-banner-title-visibility":"","ast-main-header-display":"","ast-hfb-above-header-display":"","ast-hfb-below-header-display":"","ast-hfb-mobile-header-display":"","site-post-title":"","ast-breadcrumbs-content":"","ast-featured-img":"","footer-sml-layout":"","ast-disable-related-posts":"","theme-transparent-header-meta":"default","adv-header-id-meta":"","stick-header-meta":"","header-above-stick-meta":"","header-main-stick-meta":"","header-below-stick-meta":"","astra-migrate-meta-layouts":"default","ast-page-background-enabled":"default","ast-page-background-meta":{"desktop":{"background-color":"","background-image":"","background-repeat":"repeat","background-position":"center center","background-size":"auto","background-attachment":"scroll","background-type":"","background-media":"","overlay-type":"","overlay-color":"","overlay-opacity":"","overlay-gradient":""},"tablet":{"background-color":"","background-image":"","background-repeat":"repeat","background-position":"center center","background-size":"auto","background-attachment":"scroll","background-type":"","background-media":"","overlay-type":"","overlay-color":"","overlay-opacity":"","overlay-gradient":""},"mobile":{"background-color":"","background-image":"","background-repeat":"repeat","background-position":"center center","background-size":"auto","background-attachment":"scroll","background-type":"","background-media":"","overlay-type":"","overlay-color":"","overlay-opacity":"","overlay-gradient":""}},"ast-content-background-meta":{"desktop":{"background-color":"var(--ast-global-color-5)","background-image":"","background-repeat":"repeat","background-position":"center center","background-size":"auto","background-attachment":"scroll","background-type":"","background-media":"","overlay-type":"","overlay-color":"","overlay-opacity":"","overlay-gradient":""},"tablet":{"background-color":"var(--ast-global-color-5)","background-image":"","background-repeat":"repeat","background-position":"center center","background-size":"auto","background-attachment":"scroll","background-type":"","background-media":"","overlay-type":"","overlay-color":"","overlay-opacity":"","overlay-gradient":""},"mobile":{"background-color":"var(--ast-global-color-5)","background-image":"","background-repeat":"repeat","background-position":"center center","background-size":"auto","background-attachment":"scroll","background-type":"","background-media":"","overlay-type":"","overlay-color":"","overlay-opacity":"","overlay-gradient":""}}},"product_brand":[],"product_cat":[33],"product_tag":[],"class_list":{"0":"post-1262","1":"product","2":"type-product","3":"status-publish","4":"has-post-thumbnail","6":"product_cat-folclor","7":"desktop-align-left","8":"tablet-align-left","9":"mobile-align-left","11":"first","12":"instock","13":"shipping-taxable","14":"product-type-simple"},"yoast_head":"<!-- This site is optimized with the Yoast SEO plugin v27.4 - https:\/\/yoast.com\/product\/yoast-seo-wordpress\/ -->\n<title>Soy colombiano - Marcela Valle Entertainment<\/title>\n<meta name=\"description\" content=\"Soy colombiano can be said to be the maximum exponent of the Colombian Andean song and is considered the second anthem of Colombia.\" \/>\n<meta name=\"robots\" content=\"index, follow, max-snippet:-1, max-image-preview:large, max-video-preview:-1\" \/>\n<link rel=\"canonical\" href=\"https:\/\/marcelavalle.com\/?product=soy-colombiano\" \/>\n<meta property=\"og:locale\" content=\"es_ES\" \/>\n<meta property=\"og:type\" content=\"article\" \/>\n<meta property=\"og:title\" content=\"Soy colombiano - Marcela Valle Entertainment\" \/>\n<meta property=\"og:description\" content=\"Soy colombiano can be said to be the maximum exponent of the Colombian Andean song and is considered the second anthem of Colombia.\" \/>\n<meta property=\"og:url\" content=\"https:\/\/marcelavalle.com\/?product=soy-colombiano\" \/>\n<meta property=\"og:site_name\" content=\"Marcela Valle Entertainment\" \/>\n<meta property=\"article:modified_time\" content=\"2023-05-08T18:15:27+00:00\" \/>\n<meta property=\"og:image\" content=\"https:\/\/marcelavalle.com\/wp-content\/uploads\/2023\/02\/IMG_3163-rotated.jpg\" \/>\n\t<meta property=\"og:image:width\" content=\"1000\" \/>\n\t<meta property=\"og:image:height\" content=\"1500\" \/>\n\t<meta property=\"og:image:type\" content=\"image\/jpeg\" \/>\n<meta name=\"twitter:card\" content=\"summary_large_image\" \/>\n<meta name=\"twitter:label1\" content=\"Tiempo de lectura\" \/>\n\t<meta name=\"twitter:data1\" content=\"1 minuto\" \/>\n<script type=\"application\/ld+json\" class=\"yoast-schema-graph\">{\"@context\":\"https:\\\/\\\/schema.org\",\"@graph\":[{\"@type\":\"WebPage\",\"@id\":\"https:\\\/\\\/marcelavalle.com\\\/?product=soy-colombiano\",\"url\":\"https:\\\/\\\/marcelavalle.com\\\/?product=soy-colombiano\",\"name\":\"Soy colombiano - Marcela Valle Entertainment\",\"isPartOf\":{\"@id\":\"https:\\\/\\\/marcelavalle.com\\\/#website\"},\"primaryImageOfPage\":{\"@id\":\"https:\\\/\\\/marcelavalle.com\\\/?product=soy-colombiano#primaryimage\"},\"image\":{\"@id\":\"https:\\\/\\\/marcelavalle.com\\\/?product=soy-colombiano#primaryimage\"},\"thumbnailUrl\":\"https:\\\/\\\/marcelavalle.com\\\/wp-content\\\/uploads\\\/2023\\\/02\\\/IMG_3163-rotated.jpg\",\"datePublished\":\"2023-02-25T19:06:47+00:00\",\"dateModified\":\"2023-05-08T18:15:27+00:00\",\"description\":\"Soy colombiano can be said to be the maximum exponent of the Colombian Andean song and is considered the second anthem of Colombia.\",\"breadcrumb\":{\"@id\":\"https:\\\/\\\/marcelavalle.com\\\/?product=soy-colombiano#breadcrumb\"},\"inLanguage\":\"es\",\"potentialAction\":[{\"@type\":\"ReadAction\",\"target\":[\"https:\\\/\\\/marcelavalle.com\\\/?product=soy-colombiano\"]}]},{\"@type\":\"ImageObject\",\"inLanguage\":\"es\",\"@id\":\"https:\\\/\\\/marcelavalle.com\\\/?product=soy-colombiano#primaryimage\",\"url\":\"https:\\\/\\\/marcelavalle.com\\\/wp-content\\\/uploads\\\/2023\\\/02\\\/IMG_3163-rotated.jpg\",\"contentUrl\":\"https:\\\/\\\/marcelavalle.com\\\/wp-content\\\/uploads\\\/2023\\\/02\\\/IMG_3163-rotated.jpg\",\"width\":1000,\"height\":1500},{\"@type\":\"BreadcrumbList\",\"@id\":\"https:\\\/\\\/marcelavalle.com\\\/?product=soy-colombiano#breadcrumb\",\"itemListElement\":[{\"@type\":\"ListItem\",\"position\":1,\"name\":\"Portada\",\"item\":\"https:\\\/\\\/marcelavalle.com\\\/\"},{\"@type\":\"ListItem\",\"position\":2,\"name\":\"Tienda\",\"item\":\"https:\\\/\\\/marcelavalle.com\\\/?page_id=1099\"},{\"@type\":\"ListItem\",\"position\":3,\"name\":\"Soy colombiano\"}]},{\"@type\":\"WebSite\",\"@id\":\"https:\\\/\\\/marcelavalle.com\\\/#website\",\"url\":\"https:\\\/\\\/marcelavalle.com\\\/\",\"name\":\"Marcela Valle Entertainment\",\"description\":\"Banquetes y M&uacute;sica en vivo\",\"potentialAction\":[{\"@type\":\"SearchAction\",\"target\":{\"@type\":\"EntryPoint\",\"urlTemplate\":\"https:\\\/\\\/marcelavalle.com\\\/?s={search_term_string}\"},\"query-input\":{\"@type\":\"PropertyValueSpecification\",\"valueRequired\":true,\"valueName\":\"search_term_string\"}}],\"inLanguage\":\"es\"}]}<\/script>\n<!-- \/ Yoast SEO plugin. -->","yoast_head_json":{"title":"Soy colombiano - Marcela Valle Entertainment","description":"Soy colombiano can be said to be the maximum exponent of the Colombian Andean song and is considered the second anthem of Colombia.","robots":{"index":"index","follow":"follow","max-snippet":"max-snippet:-1","max-image-preview":"max-image-preview:large","max-video-preview":"max-video-preview:-1"},"canonical":"https:\/\/marcelavalle.com\/?product=soy-colombiano","og_locale":"es_ES","og_type":"article","og_title":"Soy colombiano - Marcela Valle Entertainment","og_description":"Soy colombiano can be said to be the maximum exponent of the Colombian Andean song and is considered the second anthem of Colombia.","og_url":"https:\/\/marcelavalle.com\/?product=soy-colombiano","og_site_name":"Marcela Valle Entertainment","article_modified_time":"2023-05-08T18:15:27+00:00","og_image":[{"width":1000,"height":1500,"url":"https:\/\/marcelavalle.com\/wp-content\/uploads\/2023\/02\/IMG_3163-rotated.jpg","type":"image\/jpeg"}],"twitter_card":"summary_large_image","twitter_misc":{"Tiempo de lectura":"1 minuto"},"schema":{"@context":"https:\/\/schema.org","@graph":[{"@type":"WebPage","@id":"https:\/\/marcelavalle.com\/?product=soy-colombiano","url":"https:\/\/marcelavalle.com\/?product=soy-colombiano","name":"Soy colombiano - Marcela Valle Entertainment","isPartOf":{"@id":"https:\/\/marcelavalle.com\/#website"},"primaryImageOfPage":{"@id":"https:\/\/marcelavalle.com\/?product=soy-colombiano#primaryimage"},"image":{"@id":"https:\/\/marcelavalle.com\/?product=soy-colombiano#primaryimage"},"thumbnailUrl":"https:\/\/marcelavalle.com\/wp-content\/uploads\/2023\/02\/IMG_3163-rotated.jpg","datePublished":"2023-02-25T19:06:47+00:00","dateModified":"2023-05-08T18:15:27+00:00","description":"Soy colombiano can be said to be the maximum exponent of the Colombian Andean song and is considered the second anthem of Colombia.","breadcrumb":{"@id":"https:\/\/marcelavalle.com\/?product=soy-colombiano#breadcrumb"},"inLanguage":"es","potentialAction":[{"@type":"ReadAction","target":["https:\/\/marcelavalle.com\/?product=soy-colombiano"]}]},{"@type":"ImageObject","inLanguage":"es","@id":"https:\/\/marcelavalle.com\/?product=soy-colombiano#primaryimage","url":"https:\/\/marcelavalle.com\/wp-content\/uploads\/2023\/02\/IMG_3163-rotated.jpg","contentUrl":"https:\/\/marcelavalle.com\/wp-content\/uploads\/2023\/02\/IMG_3163-rotated.jpg","width":1000,"height":1500},{"@type":"BreadcrumbList","@id":"https:\/\/marcelavalle.com\/?product=soy-colombiano#breadcrumb","itemListElement":[{"@type":"ListItem","position":1,"name":"Portada","item":"https:\/\/marcelavalle.com\/"},{"@type":"ListItem","position":2,"name":"Tienda","item":"https:\/\/marcelavalle.com\/?page_id=1099"},{"@type":"ListItem","position":3,"name":"Soy colombiano"}]},{"@type":"WebSite","@id":"https:\/\/marcelavalle.com\/#website","url":"https:\/\/marcelavalle.com\/","name":"Marcela Valle Entertainment","description":"Banquetes y M&uacute;sica en vivo","potentialAction":[{"@type":"SearchAction","target":{"@type":"EntryPoint","urlTemplate":"https:\/\/marcelavalle.com\/?s={search_term_string}"},"query-input":{"@type":"PropertyValueSpecification","valueRequired":true,"valueName":"search_term_string"}}],"inLanguage":"es"}]}},"_links":{"self":[{"href":"https:\/\/marcelavalle.com\/index.php?rest_route=\/wp\/v2\/product\/1262","targetHints":{"allow":["GET"]}}],"collection":[{"href":"https:\/\/marcelavalle.com\/index.php?rest_route=\/wp\/v2\/product"}],"about":[{"href":"https:\/\/marcelavalle.com\/index.php?rest_route=\/wp\/v2\/types\/product"}],"replies":[{"embeddable":true,"href":"https:\/\/marcelavalle.com\/index.php?rest_route=%2Fwp%2Fv2%2Fcomments&post=1262"}],"wp:featuredmedia":[{"embeddable":true,"href":"https:\/\/marcelavalle.com\/index.php?rest_route=\/wp\/v2\/media\/1275"}],"wp:attachment":[{"href":"https:\/\/marcelavalle.com\/index.php?rest_route=%2Fwp%2Fv2%2Fmedia&parent=1262"}],"wp:term":[{"taxonomy":"product_brand","embeddable":true,"href":"https:\/\/marcelavalle.com\/index.php?rest_route=%2Fwp%2Fv2%2Fproduct_brand&post=1262"},{"taxonomy":"product_cat","embeddable":true,"href":"https:\/\/marcelavalle.com\/index.php?rest_route=%2Fwp%2Fv2%2Fproduct_cat&post=1262"},{"taxonomy":"product_tag","embeddable":true,"href":"https:\/\/marcelavalle.com\/index.php?rest_route=%2Fwp%2Fv2%2Fproduct_tag&post=1262"}],"curies":[{"name":"wp","href":"https:\/\/api.w.org\/{rel}","templated":true}]}}