{"id":1490,"date":"2023-02-26T16:26:00","date_gmt":"2023-02-26T16:26:00","guid":{"rendered":"http:\/\/marcelavalle.com\/?post_type=product&#038;p=1490"},"modified":"2023-03-25T15:56:00","modified_gmt":"2023-03-25T15:56:00","slug":"quizas-quizas-quizas-2","status":"publish","type":"product","link":"https:\/\/marcelavalle.com\/?product=quizas-quizas-quizas-2&lang=es","title":{"rendered":"Quiz\u00e1s, quiz\u00e1s, quiz\u00e1s."},"content":{"rendered":"<p>Continuamos nuestro viaje por los aires rom\u00e1nticos de Am\u00e9rica Latina con este cl\u00e1sico del siglo del bolero que se mueve caprichosamente en su concepci\u00f3n r\u00edtmica para regalarnos unos minutos de alegr\u00eda y poes\u00eda traviesa.<\/p>\n","protected":false},"excerpt":{"rendered":"<p>A cualquier hora escuchar este bolerazo es una delicia que invita a disfrutarlo en pareja. Les entrego mi versi\u00f3n y espero que en vivo tambi\u00e9n estemos compartiendo.<\/p>\n[audio mp3=\"https:\/\/marcelavalle.com\/wp-content\/uploads\/2023\/02\/Quizas-quizas-quizas-muestra.mp3\"][\/audio]\n","protected":false},"featured_media":759,"comment_status":"open","ping_status":"closed","template":"","meta":{"site-sidebar-layout":"default","site-content-layout":"default","ast-site-content-layout":"default","site-content-style":"default","site-sidebar-style":"default","ast-global-header-display":"","ast-banner-title-visibility":"","ast-main-header-display":"","ast-hfb-above-header-display":"","ast-hfb-below-header-display":"","ast-hfb-mobile-header-display":"","site-post-title":"","ast-breadcrumbs-content":"","ast-featured-img":"","footer-sml-layout":"","ast-disable-related-posts":"","theme-transparent-header-meta":"default","adv-header-id-meta":"","stick-header-meta":"","header-above-stick-meta":"","header-main-stick-meta":"","header-below-stick-meta":"","astra-migrate-meta-layouts":"default","ast-page-background-enabled":"default","ast-page-background-meta":{"desktop":{"background-color":"","background-image":"","background-repeat":"repeat","background-position":"center center","background-size":"auto","background-attachment":"scroll","background-type":"","background-media":"","overlay-type":"","overlay-color":"","overlay-opacity":"","overlay-gradient":""},"tablet":{"background-color":"","background-image":"","background-repeat":"repeat","background-position":"center center","background-size":"auto","background-attachment":"scroll","background-type":"","background-media":"","overlay-type":"","overlay-color":"","overlay-opacity":"","overlay-gradient":""},"mobile":{"background-color":"","background-image":"","background-repeat":"repeat","background-position":"center center","background-size":"auto","background-attachment":"scroll","background-type":"","background-media":"","overlay-type":"","overlay-color":"","overlay-opacity":"","overlay-gradient":""}},"ast-content-background-meta":{"desktop":{"background-color":"var(--ast-global-color-5)","background-image":"","background-repeat":"repeat","background-position":"center center","background-size":"auto","background-attachment":"scroll","background-type":"","background-media":"","overlay-type":"","overlay-color":"","overlay-opacity":"","overlay-gradient":""},"tablet":{"background-color":"var(--ast-global-color-5)","background-image":"","background-repeat":"repeat","background-position":"center center","background-size":"auto","background-attachment":"scroll","background-type":"","background-media":"","overlay-type":"","overlay-color":"","overlay-opacity":"","overlay-gradient":""},"mobile":{"background-color":"var(--ast-global-color-5)","background-image":"","background-repeat":"repeat","background-position":"center center","background-size":"auto","background-attachment":"scroll","background-type":"","background-media":"","overlay-type":"","overlay-color":"","overlay-opacity":"","overlay-gradient":""}}},"product_brand":[],"product_cat":[74],"product_tag":[],"class_list":{"0":"post-1490","1":"product","2":"type-product","3":"status-publish","4":"has-post-thumbnail","6":"product_cat-boleros-es-2","7":"desktop-align-left","8":"tablet-align-left","9":"mobile-align-left","11":"first","12":"instock","13":"shipping-taxable","14":"product-type-simple"},"yoast_head":"<!-- This site is optimized with the Yoast SEO plugin v27.4 - https:\/\/yoast.com\/product\/yoast-seo-wordpress\/ -->\n<title>Quiz\u00e1s, quiz\u00e1s, quiz\u00e1s. - Marcela Valle Entertainment<\/title>\n<meta name=\"description\" content=\"El r\u00edtmico bolero nos lleva con este quiz\u00e1s, quiz\u00e1s, quiz\u00e1s, quiz\u00e1s a otra forma de vivir el bolero en abierto baile con el que los enamorados disfrutan de su idilio.\" \/>\n<meta name=\"robots\" content=\"index, follow, max-snippet:-1, max-image-preview:large, max-video-preview:-1\" \/>\n<link rel=\"canonical\" href=\"https:\/\/marcelavalle.com\/?product=quizas-quizas-quizas-2&lang=es\" \/>\n<meta property=\"og:locale\" content=\"es_ES\" \/>\n<meta property=\"og:type\" content=\"article\" \/>\n<meta property=\"og:title\" content=\"Quiz\u00e1s, quiz\u00e1s, quiz\u00e1s. - Marcela Valle Entertainment\" \/>\n<meta property=\"og:description\" content=\"El r\u00edtmico bolero nos lleva con este quiz\u00e1s, quiz\u00e1s, quiz\u00e1s, quiz\u00e1s a otra forma de vivir el bolero en abierto baile con el que los enamorados disfrutan de su idilio.\" \/>\n<meta property=\"og:url\" content=\"https:\/\/marcelavalle.com\/?product=quizas-quizas-quizas-2&amp;lang=es\" \/>\n<meta property=\"og:site_name\" content=\"Marcela Valle Entertainment\" \/>\n<meta property=\"article:modified_time\" content=\"2023-03-25T15:56:00+00:00\" \/>\n<meta property=\"og:image\" content=\"https:\/\/marcelavalle.com\/wp-content\/uploads\/2023\/02\/IMG_3127.jpg\" \/>\n\t<meta property=\"og:image:width\" content=\"1500\" \/>\n\t<meta property=\"og:image:height\" content=\"1000\" \/>\n\t<meta property=\"og:image:type\" content=\"image\/jpeg\" \/>\n<meta name=\"twitter:card\" content=\"summary_large_image\" \/>\n<meta name=\"twitter:label1\" content=\"Tiempo de lectura\" \/>\n\t<meta name=\"twitter:data1\" content=\"1 minuto\" \/>\n<script type=\"application\/ld+json\" class=\"yoast-schema-graph\">{\"@context\":\"https:\\\/\\\/schema.org\",\"@graph\":[{\"@type\":\"WebPage\",\"@id\":\"https:\\\/\\\/marcelavalle.com\\\/?product=quizas-quizas-quizas-2&lang=es\",\"url\":\"https:\\\/\\\/marcelavalle.com\\\/?product=quizas-quizas-quizas-2&lang=es\",\"name\":\"Quiz\u00e1s, quiz\u00e1s, quiz\u00e1s. - Marcela Valle Entertainment\",\"isPartOf\":{\"@id\":\"https:\\\/\\\/marcelavalle.com\\\/#website\"},\"primaryImageOfPage\":{\"@id\":\"https:\\\/\\\/marcelavalle.com\\\/?product=quizas-quizas-quizas-2&lang=es#primaryimage\"},\"image\":{\"@id\":\"https:\\\/\\\/marcelavalle.com\\\/?product=quizas-quizas-quizas-2&lang=es#primaryimage\"},\"thumbnailUrl\":\"https:\\\/\\\/marcelavalle.com\\\/wp-content\\\/uploads\\\/2023\\\/02\\\/IMG_3127.jpg\",\"datePublished\":\"2023-02-26T16:26:00+00:00\",\"dateModified\":\"2023-03-25T15:56:00+00:00\",\"description\":\"El r\u00edtmico bolero nos lleva con este quiz\u00e1s, quiz\u00e1s, quiz\u00e1s, quiz\u00e1s a otra forma de vivir el bolero en abierto baile con el que los enamorados disfrutan de su idilio.\",\"breadcrumb\":{\"@id\":\"https:\\\/\\\/marcelavalle.com\\\/?product=quizas-quizas-quizas-2&lang=es#breadcrumb\"},\"inLanguage\":\"es\",\"potentialAction\":[{\"@type\":\"ReadAction\",\"target\":[\"https:\\\/\\\/marcelavalle.com\\\/?product=quizas-quizas-quizas-2&lang=es\"]}]},{\"@type\":\"ImageObject\",\"inLanguage\":\"es\",\"@id\":\"https:\\\/\\\/marcelavalle.com\\\/?product=quizas-quizas-quizas-2&lang=es#primaryimage\",\"url\":\"https:\\\/\\\/marcelavalle.com\\\/wp-content\\\/uploads\\\/2023\\\/02\\\/IMG_3127.jpg\",\"contentUrl\":\"https:\\\/\\\/marcelavalle.com\\\/wp-content\\\/uploads\\\/2023\\\/02\\\/IMG_3127.jpg\",\"width\":1500,\"height\":1000},{\"@type\":\"BreadcrumbList\",\"@id\":\"https:\\\/\\\/marcelavalle.com\\\/?product=quizas-quizas-quizas-2&lang=es#breadcrumb\",\"itemListElement\":[{\"@type\":\"ListItem\",\"position\":1,\"name\":\"Portada\",\"item\":\"https:\\\/\\\/marcelavalle.com\\\/\"},{\"@type\":\"ListItem\",\"position\":2,\"name\":\"Tienda\",\"item\":\"https:\\\/\\\/marcelavalle.com\\\/?page_id=1099\"},{\"@type\":\"ListItem\",\"position\":3,\"name\":\"Quiz\u00e1s, quiz\u00e1s, quiz\u00e1s.\"}]},{\"@type\":\"WebSite\",\"@id\":\"https:\\\/\\\/marcelavalle.com\\\/#website\",\"url\":\"https:\\\/\\\/marcelavalle.com\\\/\",\"name\":\"Marcela Valle Entertainment\",\"description\":\"Banquetes y M&uacute;sica en vivo\",\"potentialAction\":[{\"@type\":\"SearchAction\",\"target\":{\"@type\":\"EntryPoint\",\"urlTemplate\":\"https:\\\/\\\/marcelavalle.com\\\/?s={search_term_string}\"},\"query-input\":{\"@type\":\"PropertyValueSpecification\",\"valueRequired\":true,\"valueName\":\"search_term_string\"}}],\"inLanguage\":\"es\"}]}<\/script>\n<!-- \/ Yoast SEO plugin. -->","yoast_head_json":{"title":"Quiz\u00e1s, quiz\u00e1s, quiz\u00e1s. - Marcela Valle Entertainment","description":"El r\u00edtmico bolero nos lleva con este quiz\u00e1s, quiz\u00e1s, quiz\u00e1s, quiz\u00e1s a otra forma de vivir el bolero en abierto baile con el que los enamorados disfrutan de su idilio.","robots":{"index":"index","follow":"follow","max-snippet":"max-snippet:-1","max-image-preview":"max-image-preview:large","max-video-preview":"max-video-preview:-1"},"canonical":"https:\/\/marcelavalle.com\/?product=quizas-quizas-quizas-2&lang=es","og_locale":"es_ES","og_type":"article","og_title":"Quiz\u00e1s, quiz\u00e1s, quiz\u00e1s. - Marcela Valle Entertainment","og_description":"El r\u00edtmico bolero nos lleva con este quiz\u00e1s, quiz\u00e1s, quiz\u00e1s, quiz\u00e1s a otra forma de vivir el bolero en abierto baile con el que los enamorados disfrutan de su idilio.","og_url":"https:\/\/marcelavalle.com\/?product=quizas-quizas-quizas-2&lang=es","og_site_name":"Marcela Valle Entertainment","article_modified_time":"2023-03-25T15:56:00+00:00","og_image":[{"width":1500,"height":1000,"url":"https:\/\/marcelavalle.com\/wp-content\/uploads\/2023\/02\/IMG_3127.jpg","type":"image\/jpeg"}],"twitter_card":"summary_large_image","twitter_misc":{"Tiempo de lectura":"1 minuto"},"schema":{"@context":"https:\/\/schema.org","@graph":[{"@type":"WebPage","@id":"https:\/\/marcelavalle.com\/?product=quizas-quizas-quizas-2&lang=es","url":"https:\/\/marcelavalle.com\/?product=quizas-quizas-quizas-2&lang=es","name":"Quiz\u00e1s, quiz\u00e1s, quiz\u00e1s. - Marcela Valle Entertainment","isPartOf":{"@id":"https:\/\/marcelavalle.com\/#website"},"primaryImageOfPage":{"@id":"https:\/\/marcelavalle.com\/?product=quizas-quizas-quizas-2&lang=es#primaryimage"},"image":{"@id":"https:\/\/marcelavalle.com\/?product=quizas-quizas-quizas-2&lang=es#primaryimage"},"thumbnailUrl":"https:\/\/marcelavalle.com\/wp-content\/uploads\/2023\/02\/IMG_3127.jpg","datePublished":"2023-02-26T16:26:00+00:00","dateModified":"2023-03-25T15:56:00+00:00","description":"El r\u00edtmico bolero nos lleva con este quiz\u00e1s, quiz\u00e1s, quiz\u00e1s, quiz\u00e1s a otra forma de vivir el bolero en abierto baile con el que los enamorados disfrutan de su idilio.","breadcrumb":{"@id":"https:\/\/marcelavalle.com\/?product=quizas-quizas-quizas-2&lang=es#breadcrumb"},"inLanguage":"es","potentialAction":[{"@type":"ReadAction","target":["https:\/\/marcelavalle.com\/?product=quizas-quizas-quizas-2&lang=es"]}]},{"@type":"ImageObject","inLanguage":"es","@id":"https:\/\/marcelavalle.com\/?product=quizas-quizas-quizas-2&lang=es#primaryimage","url":"https:\/\/marcelavalle.com\/wp-content\/uploads\/2023\/02\/IMG_3127.jpg","contentUrl":"https:\/\/marcelavalle.com\/wp-content\/uploads\/2023\/02\/IMG_3127.jpg","width":1500,"height":1000},{"@type":"BreadcrumbList","@id":"https:\/\/marcelavalle.com\/?product=quizas-quizas-quizas-2&lang=es#breadcrumb","itemListElement":[{"@type":"ListItem","position":1,"name":"Portada","item":"https:\/\/marcelavalle.com\/"},{"@type":"ListItem","position":2,"name":"Tienda","item":"https:\/\/marcelavalle.com\/?page_id=1099"},{"@type":"ListItem","position":3,"name":"Quiz\u00e1s, quiz\u00e1s, quiz\u00e1s."}]},{"@type":"WebSite","@id":"https:\/\/marcelavalle.com\/#website","url":"https:\/\/marcelavalle.com\/","name":"Marcela Valle Entertainment","description":"Banquetes y M&uacute;sica en vivo","potentialAction":[{"@type":"SearchAction","target":{"@type":"EntryPoint","urlTemplate":"https:\/\/marcelavalle.com\/?s={search_term_string}"},"query-input":{"@type":"PropertyValueSpecification","valueRequired":true,"valueName":"search_term_string"}}],"inLanguage":"es"}]}},"_links":{"self":[{"href":"https:\/\/marcelavalle.com\/index.php?rest_route=\/wp\/v2\/product\/1490","targetHints":{"allow":["GET"]}}],"collection":[{"href":"https:\/\/marcelavalle.com\/index.php?rest_route=\/wp\/v2\/product"}],"about":[{"href":"https:\/\/marcelavalle.com\/index.php?rest_route=\/wp\/v2\/types\/product"}],"replies":[{"embeddable":true,"href":"https:\/\/marcelavalle.com\/index.php?rest_route=%2Fwp%2Fv2%2Fcomments&post=1490"}],"wp:featuredmedia":[{"embeddable":true,"href":"https:\/\/marcelavalle.com\/index.php?rest_route=\/wp\/v2\/media\/759"}],"wp:attachment":[{"href":"https:\/\/marcelavalle.com\/index.php?rest_route=%2Fwp%2Fv2%2Fmedia&parent=1490"}],"wp:term":[{"taxonomy":"product_brand","embeddable":true,"href":"https:\/\/marcelavalle.com\/index.php?rest_route=%2Fwp%2Fv2%2Fproduct_brand&post=1490"},{"taxonomy":"product_cat","embeddable":true,"href":"https:\/\/marcelavalle.com\/index.php?rest_route=%2Fwp%2Fv2%2Fproduct_cat&post=1490"},{"taxonomy":"product_tag","embeddable":true,"href":"https:\/\/marcelavalle.com\/index.php?rest_route=%2Fwp%2Fv2%2Fproduct_tag&post=1490"}],"curies":[{"name":"wp","href":"https:\/\/api.w.org\/{rel}","templated":true}]}}