{"id":1799,"date":"2023-03-11T23:14:56","date_gmt":"2023-03-11T23:14:56","guid":{"rendered":"http:\/\/marcelavalle.com\/?post_type=product&#038;p=1799"},"modified":"2023-06-15T17:13:50","modified_gmt":"2023-06-15T17:13:50","slug":"lagrimas-negras","status":"publish","type":"product","link":"https:\/\/marcelavalle.com\/?product=lagrimas-negras","title":{"rendered":"L\u00e1grimas Negras"},"content":{"rendered":"<p>L\u00e1grimas negras is a reference of \u00abthe old guard\u00bb in the album of the \u00abrumberos\u00bb, treasured with musical delicacies and endearing memories of the matancer\u00f3mano and matamorosoneros of yesteryear that fully identify a generation and a way of life that today Marcela Valle masterfully evokes for us.<\/p>\n","protected":false},"excerpt":{"rendered":"<p>The nar<span style=\"font-size: 16px;\">rative of L\u00e1grimas Negras is highlighted in the cadence and sensuality of Marcela Valle&#8217;s voice, acquiring a new nuance in its spectacularity.<\/span><\/p>\n<p><a href=\"https:\/\/open.spotify.com\/track\/032kgH23Dy4BShKxzTi4Ne?si=76s8byp8TwSZkBYklgVp0A\"><img decoding=\"async\" class=\"aligncenter wp-image-815 size-medium\" src=\"https:\/\/marcelavalle.com\/wp-content\/uploads\/2023\/02\/spotify-300x90.png\" alt=\"\" width=\"300\" height=\"90\" srcset=\"https:\/\/marcelavalle.com\/wp-content\/uploads\/2023\/02\/spotify-300x90.png 300w, https:\/\/marcelavalle.com\/wp-content\/uploads\/2023\/02\/spotify-600x181.png 600w, https:\/\/marcelavalle.com\/wp-content\/uploads\/2023\/02\/spotify-1024x308.png 1024w, https:\/\/marcelavalle.com\/wp-content\/uploads\/2023\/02\/spotify-768x231.png 768w, https:\/\/marcelavalle.com\/wp-content\/uploads\/2023\/02\/spotify.png 1200w\" sizes=\"(max-width: 300px) 100vw, 300px\" \/><\/a><\/p>\n<p>https:\/\/open.spotify.com\/track\/032kgH23Dy4BShKxzTi4Ne?si=76s8byp8TwSZkBYklgVp0A<\/p>\n","protected":false},"featured_media":1275,"comment_status":"open","ping_status":"closed","template":"","meta":{"site-sidebar-layout":"default","site-content-layout":"default","ast-site-content-layout":"default","site-content-style":"default","site-sidebar-style":"default","ast-global-header-display":"","ast-banner-title-visibility":"","ast-main-header-display":"","ast-hfb-above-header-display":"","ast-hfb-below-header-display":"","ast-hfb-mobile-header-display":"","site-post-title":"","ast-breadcrumbs-content":"","ast-featured-img":"","footer-sml-layout":"","ast-disable-related-posts":"","theme-transparent-header-meta":"default","adv-header-id-meta":"","stick-header-meta":"","header-above-stick-meta":"","header-main-stick-meta":"","header-below-stick-meta":"","astra-migrate-meta-layouts":"default","ast-page-background-enabled":"default","ast-page-background-meta":{"desktop":{"background-color":"","background-image":"","background-repeat":"repeat","background-position":"center center","background-size":"auto","background-attachment":"scroll","background-type":"","background-media":"","overlay-type":"","overlay-color":"","overlay-opacity":"","overlay-gradient":""},"tablet":{"background-color":"","background-image":"","background-repeat":"repeat","background-position":"center center","background-size":"auto","background-attachment":"scroll","background-type":"","background-media":"","overlay-type":"","overlay-color":"","overlay-opacity":"","overlay-gradient":""},"mobile":{"background-color":"","background-image":"","background-repeat":"repeat","background-position":"center center","background-size":"auto","background-attachment":"scroll","background-type":"","background-media":"","overlay-type":"","overlay-color":"","overlay-opacity":"","overlay-gradient":""}},"ast-content-background-meta":{"desktop":{"background-color":"var(--ast-global-color-5)","background-image":"","background-repeat":"repeat","background-position":"center center","background-size":"auto","background-attachment":"scroll","background-type":"","background-media":"","overlay-type":"","overlay-color":"","overlay-opacity":"","overlay-gradient":""},"tablet":{"background-color":"var(--ast-global-color-5)","background-image":"","background-repeat":"repeat","background-position":"center center","background-size":"auto","background-attachment":"scroll","background-type":"","background-media":"","overlay-type":"","overlay-color":"","overlay-opacity":"","overlay-gradient":""},"mobile":{"background-color":"var(--ast-global-color-5)","background-image":"","background-repeat":"repeat","background-position":"center center","background-size":"auto","background-attachment":"scroll","background-type":"","background-media":"","overlay-type":"","overlay-color":"","overlay-opacity":"","overlay-gradient":""}}},"product_brand":[],"product_cat":[31],"product_tag":[],"class_list":{"0":"post-1799","1":"product","2":"type-product","3":"status-publish","4":"has-post-thumbnail","6":"product_cat-boleros","7":"desktop-align-left","8":"tablet-align-left","9":"mobile-align-left","11":"first","12":"instock","13":"shipping-taxable","14":"product-type-simple"},"yoast_head":"<!-- This site is optimized with the Yoast SEO plugin v27.4 - https:\/\/yoast.com\/product\/yoast-seo-wordpress\/ -->\n<title>L\u00e1grimas Negras - Marcela Valle Entertainment<\/title>\n<meta name=\"description\" content=\"L\u00e1grimas negras is one of the precious jewels of the legend called Tr\u00edo Matamoros that today we receive with joy in the voice of Marcela Valle.\" \/>\n<meta name=\"robots\" content=\"index, follow, max-snippet:-1, max-image-preview:large, max-video-preview:-1\" \/>\n<link rel=\"canonical\" href=\"https:\/\/marcelavalle.com\/?product=lagrimas-negras\" \/>\n<meta property=\"og:locale\" content=\"es_ES\" \/>\n<meta property=\"og:type\" content=\"article\" \/>\n<meta property=\"og:title\" content=\"L\u00e1grimas Negras - Marcela Valle Entertainment\" \/>\n<meta property=\"og:description\" content=\"L\u00e1grimas negras is one of the precious jewels of the legend called Tr\u00edo Matamoros that today we receive with joy in the voice of Marcela Valle.\" \/>\n<meta property=\"og:url\" content=\"https:\/\/marcelavalle.com\/?product=lagrimas-negras\" \/>\n<meta property=\"og:site_name\" content=\"Marcela Valle Entertainment\" \/>\n<meta property=\"article:modified_time\" content=\"2023-06-15T17:13:50+00:00\" \/>\n<meta property=\"og:image\" content=\"https:\/\/marcelavalle.com\/wp-content\/uploads\/2023\/02\/IMG_3163-rotated.jpg\" \/>\n\t<meta property=\"og:image:width\" content=\"1000\" \/>\n\t<meta property=\"og:image:height\" content=\"1500\" \/>\n\t<meta property=\"og:image:type\" content=\"image\/jpeg\" \/>\n<meta name=\"twitter:card\" content=\"summary_large_image\" \/>\n<meta name=\"twitter:label1\" content=\"Tiempo de lectura\" \/>\n\t<meta name=\"twitter:data1\" content=\"1 minuto\" \/>\n<script type=\"application\/ld+json\" class=\"yoast-schema-graph\">{\"@context\":\"https:\\\/\\\/schema.org\",\"@graph\":[{\"@type\":\"WebPage\",\"@id\":\"https:\\\/\\\/marcelavalle.com\\\/?product=lagrimas-negras\",\"url\":\"https:\\\/\\\/marcelavalle.com\\\/?product=lagrimas-negras\",\"name\":\"L\u00e1grimas Negras - Marcela Valle Entertainment\",\"isPartOf\":{\"@id\":\"https:\\\/\\\/marcelavalle.com\\\/#website\"},\"primaryImageOfPage\":{\"@id\":\"https:\\\/\\\/marcelavalle.com\\\/?product=lagrimas-negras#primaryimage\"},\"image\":{\"@id\":\"https:\\\/\\\/marcelavalle.com\\\/?product=lagrimas-negras#primaryimage\"},\"thumbnailUrl\":\"https:\\\/\\\/marcelavalle.com\\\/wp-content\\\/uploads\\\/2023\\\/02\\\/IMG_3163-rotated.jpg\",\"datePublished\":\"2023-03-11T23:14:56+00:00\",\"dateModified\":\"2023-06-15T17:13:50+00:00\",\"description\":\"L\u00e1grimas negras is one of the precious jewels of the legend called Tr\u00edo Matamoros that today we receive with joy in the voice of Marcela Valle.\",\"breadcrumb\":{\"@id\":\"https:\\\/\\\/marcelavalle.com\\\/?product=lagrimas-negras#breadcrumb\"},\"inLanguage\":\"es\",\"potentialAction\":[{\"@type\":\"ReadAction\",\"target\":[\"https:\\\/\\\/marcelavalle.com\\\/?product=lagrimas-negras\"]}]},{\"@type\":\"ImageObject\",\"inLanguage\":\"es\",\"@id\":\"https:\\\/\\\/marcelavalle.com\\\/?product=lagrimas-negras#primaryimage\",\"url\":\"https:\\\/\\\/marcelavalle.com\\\/wp-content\\\/uploads\\\/2023\\\/02\\\/IMG_3163-rotated.jpg\",\"contentUrl\":\"https:\\\/\\\/marcelavalle.com\\\/wp-content\\\/uploads\\\/2023\\\/02\\\/IMG_3163-rotated.jpg\",\"width\":1000,\"height\":1500},{\"@type\":\"BreadcrumbList\",\"@id\":\"https:\\\/\\\/marcelavalle.com\\\/?product=lagrimas-negras#breadcrumb\",\"itemListElement\":[{\"@type\":\"ListItem\",\"position\":1,\"name\":\"Portada\",\"item\":\"https:\\\/\\\/marcelavalle.com\\\/\"},{\"@type\":\"ListItem\",\"position\":2,\"name\":\"Tienda\",\"item\":\"https:\\\/\\\/marcelavalle.com\\\/?page_id=1099\"},{\"@type\":\"ListItem\",\"position\":3,\"name\":\"L\u00e1grimas Negras\"}]},{\"@type\":\"WebSite\",\"@id\":\"https:\\\/\\\/marcelavalle.com\\\/#website\",\"url\":\"https:\\\/\\\/marcelavalle.com\\\/\",\"name\":\"Marcela Valle Entertainment\",\"description\":\"Banquetes y M&uacute;sica en vivo\",\"potentialAction\":[{\"@type\":\"SearchAction\",\"target\":{\"@type\":\"EntryPoint\",\"urlTemplate\":\"https:\\\/\\\/marcelavalle.com\\\/?s={search_term_string}\"},\"query-input\":{\"@type\":\"PropertyValueSpecification\",\"valueRequired\":true,\"valueName\":\"search_term_string\"}}],\"inLanguage\":\"es\"}]}<\/script>\n<!-- \/ Yoast SEO plugin. -->","yoast_head_json":{"title":"L\u00e1grimas Negras - Marcela Valle Entertainment","description":"L\u00e1grimas negras is one of the precious jewels of the legend called Tr\u00edo Matamoros that today we receive with joy in the voice of Marcela Valle.","robots":{"index":"index","follow":"follow","max-snippet":"max-snippet:-1","max-image-preview":"max-image-preview:large","max-video-preview":"max-video-preview:-1"},"canonical":"https:\/\/marcelavalle.com\/?product=lagrimas-negras","og_locale":"es_ES","og_type":"article","og_title":"L\u00e1grimas Negras - Marcela Valle Entertainment","og_description":"L\u00e1grimas negras is one of the precious jewels of the legend called Tr\u00edo Matamoros that today we receive with joy in the voice of Marcela Valle.","og_url":"https:\/\/marcelavalle.com\/?product=lagrimas-negras","og_site_name":"Marcela Valle Entertainment","article_modified_time":"2023-06-15T17:13:50+00:00","og_image":[{"width":1000,"height":1500,"url":"https:\/\/marcelavalle.com\/wp-content\/uploads\/2023\/02\/IMG_3163-rotated.jpg","type":"image\/jpeg"}],"twitter_card":"summary_large_image","twitter_misc":{"Tiempo de lectura":"1 minuto"},"schema":{"@context":"https:\/\/schema.org","@graph":[{"@type":"WebPage","@id":"https:\/\/marcelavalle.com\/?product=lagrimas-negras","url":"https:\/\/marcelavalle.com\/?product=lagrimas-negras","name":"L\u00e1grimas Negras - Marcela Valle Entertainment","isPartOf":{"@id":"https:\/\/marcelavalle.com\/#website"},"primaryImageOfPage":{"@id":"https:\/\/marcelavalle.com\/?product=lagrimas-negras#primaryimage"},"image":{"@id":"https:\/\/marcelavalle.com\/?product=lagrimas-negras#primaryimage"},"thumbnailUrl":"https:\/\/marcelavalle.com\/wp-content\/uploads\/2023\/02\/IMG_3163-rotated.jpg","datePublished":"2023-03-11T23:14:56+00:00","dateModified":"2023-06-15T17:13:50+00:00","description":"L\u00e1grimas negras is one of the precious jewels of the legend called Tr\u00edo Matamoros that today we receive with joy in the voice of Marcela Valle.","breadcrumb":{"@id":"https:\/\/marcelavalle.com\/?product=lagrimas-negras#breadcrumb"},"inLanguage":"es","potentialAction":[{"@type":"ReadAction","target":["https:\/\/marcelavalle.com\/?product=lagrimas-negras"]}]},{"@type":"ImageObject","inLanguage":"es","@id":"https:\/\/marcelavalle.com\/?product=lagrimas-negras#primaryimage","url":"https:\/\/marcelavalle.com\/wp-content\/uploads\/2023\/02\/IMG_3163-rotated.jpg","contentUrl":"https:\/\/marcelavalle.com\/wp-content\/uploads\/2023\/02\/IMG_3163-rotated.jpg","width":1000,"height":1500},{"@type":"BreadcrumbList","@id":"https:\/\/marcelavalle.com\/?product=lagrimas-negras#breadcrumb","itemListElement":[{"@type":"ListItem","position":1,"name":"Portada","item":"https:\/\/marcelavalle.com\/"},{"@type":"ListItem","position":2,"name":"Tienda","item":"https:\/\/marcelavalle.com\/?page_id=1099"},{"@type":"ListItem","position":3,"name":"L\u00e1grimas Negras"}]},{"@type":"WebSite","@id":"https:\/\/marcelavalle.com\/#website","url":"https:\/\/marcelavalle.com\/","name":"Marcela Valle Entertainment","description":"Banquetes y M&uacute;sica en vivo","potentialAction":[{"@type":"SearchAction","target":{"@type":"EntryPoint","urlTemplate":"https:\/\/marcelavalle.com\/?s={search_term_string}"},"query-input":{"@type":"PropertyValueSpecification","valueRequired":true,"valueName":"search_term_string"}}],"inLanguage":"es"}]}},"_links":{"self":[{"href":"https:\/\/marcelavalle.com\/index.php?rest_route=\/wp\/v2\/product\/1799","targetHints":{"allow":["GET"]}}],"collection":[{"href":"https:\/\/marcelavalle.com\/index.php?rest_route=\/wp\/v2\/product"}],"about":[{"href":"https:\/\/marcelavalle.com\/index.php?rest_route=\/wp\/v2\/types\/product"}],"replies":[{"embeddable":true,"href":"https:\/\/marcelavalle.com\/index.php?rest_route=%2Fwp%2Fv2%2Fcomments&post=1799"}],"wp:featuredmedia":[{"embeddable":true,"href":"https:\/\/marcelavalle.com\/index.php?rest_route=\/wp\/v2\/media\/1275"}],"wp:attachment":[{"href":"https:\/\/marcelavalle.com\/index.php?rest_route=%2Fwp%2Fv2%2Fmedia&parent=1799"}],"wp:term":[{"taxonomy":"product_brand","embeddable":true,"href":"https:\/\/marcelavalle.com\/index.php?rest_route=%2Fwp%2Fv2%2Fproduct_brand&post=1799"},{"taxonomy":"product_cat","embeddable":true,"href":"https:\/\/marcelavalle.com\/index.php?rest_route=%2Fwp%2Fv2%2Fproduct_cat&post=1799"},{"taxonomy":"product_tag","embeddable":true,"href":"https:\/\/marcelavalle.com\/index.php?rest_route=%2Fwp%2Fv2%2Fproduct_tag&post=1799"}],"curies":[{"name":"wp","href":"https:\/\/api.w.org\/{rel}","templated":true}]}}